{"id":3729,"date":"2024-04-10T07:30:10","date_gmt":"2024-04-10T07:30:10","guid":{"rendered":"https:\/\/perichan.com\/press-room\/"},"modified":"2024-06-18T08:08:17","modified_gmt":"2024-06-18T08:08:17","slug":"press-room","status":"publish","type":"page","link":"https:\/\/perichan.com\/en\/press-room\/","title":{"rendered":"Press room"},"content":{"rendered":"\t\t<div data-elementor-type=\"wp-page\" data-elementor-id=\"3729\" class=\"elementor elementor-3729 elementor-2738\" data-elementor-post-type=\"page\">\n\t\t\t\t\t\t<section class=\"elementor-section elementor-top-section elementor-element elementor-element-d0d7f3c elementor-section-height-min-height elementor-section-boxed elementor-section-height-default elementor-section-items-middle\" data-id=\"d0d7f3c\" data-element_type=\"section\" data-settings=\"{&quot;background_background&quot;:&quot;classic&quot;,&quot;sticky&quot;:&quot;top&quot;,&quot;sticky_on&quot;:[&quot;desktop&quot;,&quot;tablet&quot;,&quot;mobile&quot;],&quot;sticky_offset&quot;:0,&quot;sticky_effects_offset&quot;:0}\">\n\t\t\t\t\t\t\t<div class=\"elementor-background-overlay\"><\/div>\n\t\t\t\t\t\t\t<div class=\"elementor-container elementor-column-gap-default\">\n\t\t\t\t\t<div class=\"elementor-column elementor-col-100 elementor-top-column elementor-element elementor-element-c605406\" data-id=\"c605406\" data-element_type=\"column\">\n\t\t\t<div class=\"elementor-widget-wrap elementor-element-populated\">\n\t\t\t\t\t\t<div class=\"elementor-element elementor-element-e5d323f elementor-widget elementor-widget-heading\" data-id=\"e5d323f\" data-element_type=\"widget\" data-widget_type=\"heading.default\">\n\t\t\t\t<div class=\"elementor-widget-container\">\n\t\t\t<style>\/*! elementor - v3.23.0 - 15-07-2024 *\/\n.elementor-heading-title{padding:0;margin:0;line-height:1}.elementor-widget-heading .elementor-heading-title[class*=elementor-size-]>a{color:inherit;font-size:inherit;line-height:inherit}.elementor-widget-heading .elementor-heading-title.elementor-size-small{font-size:15px}.elementor-widget-heading .elementor-heading-title.elementor-size-medium{font-size:19px}.elementor-widget-heading .elementor-heading-title.elementor-size-large{font-size:29px}.elementor-widget-heading .elementor-heading-title.elementor-size-xl{font-size:39px}.elementor-widget-heading .elementor-heading-title.elementor-size-xxl{font-size:59px}<\/style><h1 class=\"elementor-heading-title elementor-size-default\">Press room<\/h1>\t\t<\/div>\n\t\t\t\t<\/div>\n\t\t\t\t\t<\/div>\n\t\t<\/div>\n\t\t\t\t\t<\/div>\n\t\t<\/section>\n\t\t\t\t<section class=\"elementor-section elementor-top-section elementor-element elementor-element-f397236 elementor-section-stretched elementor-section-boxed elementor-section-height-default elementor-section-height-default\" data-id=\"f397236\" data-element_type=\"section\" data-settings=\"{&quot;stretch_section&quot;:&quot;section-stretched&quot;,&quot;background_background&quot;:&quot;classic&quot;}\">\n\t\t\t\t\t\t\t<div class=\"elementor-background-overlay\"><\/div>\n\t\t\t\t\t\t\t<div class=\"elementor-container elementor-column-gap-default\">\n\t\t\t\t\t<div class=\"elementor-column elementor-col-100 elementor-top-column elementor-element elementor-element-8cf50ef\" data-id=\"8cf50ef\" data-element_type=\"column\">\n\t\t\t<div class=\"elementor-widget-wrap elementor-element-populated\">\n\t\t\t\t\t\t<div class=\"elementor-element elementor-element-a5b125b elementor-widget elementor-widget-heading\" data-id=\"a5b125b\" data-element_type=\"widget\" data-widget_type=\"heading.default\">\n\t\t\t\t<div class=\"elementor-widget-container\">\n\t\t\t<h2 class=\"elementor-heading-title elementor-size-default\">Latest news<\/h2>\t\t<\/div>\n\t\t\t\t<\/div>\n\t\t\t\t<div class=\"elementor-element elementor-element-31af6d6 elementor-widget elementor-widget-heading\" data-id=\"31af6d6\" data-element_type=\"widget\" data-widget_type=\"heading.default\">\n\t\t\t\t<div class=\"elementor-widget-container\">\n\t\t\t<h3 class=\"elementor-heading-title elementor-size-default\">In this section you can find out a little bit more about Perich\u00e1n. Thank you for your interest!<\/h3>\t\t<\/div>\n\t\t\t\t<\/div>\n\t\t\t\t<div class=\"elementor-element elementor-element-ac0c992 elementor-grid-3 elementor-grid-tablet-2 elementor-grid-mobile-1 elementor-posts--thumbnail-top elementor-card-shadow-yes elementor-posts__hover-gradient elementor-widget elementor-widget-posts\" data-id=\"ac0c992\" data-element_type=\"widget\" data-settings=\"{&quot;cards_columns&quot;:&quot;3&quot;,&quot;cards_columns_tablet&quot;:&quot;2&quot;,&quot;cards_columns_mobile&quot;:&quot;1&quot;,&quot;cards_row_gap&quot;:{&quot;unit&quot;:&quot;px&quot;,&quot;size&quot;:35,&quot;sizes&quot;:[]},&quot;cards_row_gap_tablet&quot;:{&quot;unit&quot;:&quot;px&quot;,&quot;size&quot;:&quot;&quot;,&quot;sizes&quot;:[]},&quot;cards_row_gap_mobile&quot;:{&quot;unit&quot;:&quot;px&quot;,&quot;size&quot;:&quot;&quot;,&quot;sizes&quot;:[]}}\" data-widget_type=\"posts.cards\">\n\t\t\t\t<div class=\"elementor-widget-container\">\n\t\t\t<link rel=\"stylesheet\" href=\"https:\/\/perichan.com\/wp-content\/plugins\/elementor-pro\/assets\/css\/widget-posts.min.css?ver=1721125785\">\t\t<div class=\"elementor-posts-container elementor-posts elementor-posts--skin-cards elementor-grid\">\n\t\t\t\t<article class=\"elementor-post elementor-grid-item post-5229 post type-post status-publish format-standard has-post-thumbnail hentry category-sin-categorizar\">\n\t\t\t<div class=\"elementor-post__card\">\n\t\t\t\t<a class=\"elementor-post__thumbnail__link\" href=\"https:\/\/perichan.com\/en\/instalamos-una-planta-fotovoltaica-en-una-de-nuestras-fincas-con-el-fin-de-reducir-el-consumo-de-energia-electrica\/\" tabindex=\"-1\" ><div class=\"elementor-post__thumbnail\"><img fetchpriority=\"high\" decoding=\"async\" width=\"300\" height=\"184\" src=\"https:\/\/perichan.com\/wp-content\/uploads\/2024\/06\/LaOlivaOK-300x184.jpg\" class=\"attachment-medium size-medium wp-image-5216\" alt=\"\" srcset=\"https:\/\/perichan.com\/wp-content\/uploads\/2024\/06\/LaOlivaOK-300x184.jpg 300w, https:\/\/perichan.com\/wp-content\/uploads\/2024\/06\/LaOlivaOK-1024x628.jpg 1024w, https:\/\/perichan.com\/wp-content\/uploads\/2024\/06\/LaOlivaOK-768x471.jpg 768w, https:\/\/perichan.com\/wp-content\/uploads\/2024\/06\/LaOlivaOK.jpg 1196w\" sizes=\"(max-width: 300px) 100vw, 300px\" \/><\/div><\/a>\n\t\t\t\t<div class=\"elementor-post__text\">\n\t\t\t\t<h4 class=\"elementor-post__title\">\n\t\t\t<a href=\"https:\/\/perichan.com\/en\/instalamos-una-planta-fotovoltaica-en-una-de-nuestras-fincas-con-el-fin-de-reducir-el-consumo-de-energia-electrica\/\" >\n\t\t\t\tInstalamos una planta fotovoltaica en una de nuestras fincas con el fin de reducir el consumo de energ\u00eda el\u00e9ctrica\u00a0\t\t\t<\/a>\n\t\t<\/h4>\n\t\t\t\t<div class=\"elementor-post__excerpt\">\n\t\t\t<p>Agr\u00edcola Perich\u00e1n est\u00e1 firmemente comprometidos con el futuro del planeta. Por ello, nuestra compa\u00f1\u00eda est\u00e1 implementando pr\u00e1cticas agr\u00edcolas sostenibles que minimizan el impacto ambiental y optimiza el uso de recursos.\u00a0\u00a0 En esa l\u00ednea de compromiso con el medio ambiente, Agr\u00edcola Perich\u00e1n ha instalado una estaci\u00f3n fotovoltaica en una de sus<\/p>\n\t\t<\/div>\n\t\t\n\t\t<a class=\"elementor-post__read-more\" href=\"https:\/\/perichan.com\/en\/instalamos-una-planta-fotovoltaica-en-una-de-nuestras-fincas-con-el-fin-de-reducir-el-consumo-de-energia-electrica\/\" aria-label=\"Read more about Instalamos una planta fotovoltaica en una de nuestras fincas con el fin de reducir el consumo de energ\u00eda el\u00e9ctrica\u00a0\" tabindex=\"-1\" >\n\t\t\tRead more \u00bb\t\t<\/a>\n\n\t\t\t\t<\/div>\n\t\t\t\t\t<\/div>\n\t\t<\/article>\n\t\t\t\t<article class=\"elementor-post elementor-grid-item post-4967 post type-post status-publish format-standard has-post-thumbnail hentry category-sin-categorizar\">\n\t\t\t<div class=\"elementor-post__card\">\n\t\t\t\t<a class=\"elementor-post__thumbnail__link\" href=\"https:\/\/perichan.com\/en\/the-spanish-association-against-cancer-opens-new-headquarters-in-mazarron-a-space-provided-by-our-company\/\" tabindex=\"-1\" ><div class=\"elementor-post__thumbnail\"><img decoding=\"async\" width=\"300\" height=\"200\" src=\"https:\/\/perichan.com\/wp-content\/uploads\/2024\/06\/Inauguracion-local-AECC-Perichan-1-300x200.jpeg\" class=\"attachment-medium size-medium wp-image-4965\" alt=\"\" srcset=\"https:\/\/perichan.com\/wp-content\/uploads\/2024\/06\/Inauguracion-local-AECC-Perichan-1-300x200.jpeg 300w, https:\/\/perichan.com\/wp-content\/uploads\/2024\/06\/Inauguracion-local-AECC-Perichan-1-1024x682.jpeg 1024w, https:\/\/perichan.com\/wp-content\/uploads\/2024\/06\/Inauguracion-local-AECC-Perichan-1-768x512.jpeg 768w, https:\/\/perichan.com\/wp-content\/uploads\/2024\/06\/Inauguracion-local-AECC-Perichan-1-1536x1023.jpeg 1536w, https:\/\/perichan.com\/wp-content\/uploads\/2024\/06\/Inauguracion-local-AECC-Perichan-1.jpeg 1600w\" sizes=\"(max-width: 300px) 100vw, 300px\" \/><\/div><\/a>\n\t\t\t\t<div class=\"elementor-post__text\">\n\t\t\t\t<h4 class=\"elementor-post__title\">\n\t\t\t<a href=\"https:\/\/perichan.com\/en\/the-spanish-association-against-cancer-opens-new-headquarters-in-mazarron-a-space-provided-by-our-company\/\" >\n\t\t\t\tThe Spanish Association Against Cancer opens new headquarters in Mazarr\u00f3n, a space provided by our company\t\t\t<\/a>\n\t\t<\/h4>\n\t\t\t\t<div class=\"elementor-post__excerpt\">\n\t\t\t<p>The Spanish Association Against Cancer inaugurated last Friday its new headquarters in Mazarr\u00f3n. Located in Fuenterrab\u00eda Street, its opening allows the center to recover its activities in the locality, since it was currently without space in which to work and attend to both patients and their families. More than 100<\/p>\n\t\t<\/div>\n\t\t\n\t\t<a class=\"elementor-post__read-more\" href=\"https:\/\/perichan.com\/en\/the-spanish-association-against-cancer-opens-new-headquarters-in-mazarron-a-space-provided-by-our-company\/\" aria-label=\"Read more about The Spanish Association Against Cancer opens new headquarters in Mazarr\u00f3n, a space provided by our company\" tabindex=\"-1\" >\n\t\t\tRead more \u00bb\t\t<\/a>\n\n\t\t\t\t<\/div>\n\t\t\t\t\t<\/div>\n\t\t<\/article>\n\t\t\t\t<article class=\"elementor-post elementor-grid-item post-3743 post type-post status-publish format-standard has-post-thumbnail hentry category-sin-categorizar\">\n\t\t\t<div class=\"elementor-post__card\">\n\t\t\t\t<a class=\"elementor-post__thumbnail__link\" href=\"https:\/\/perichan.com\/en\/the-fruit-and-vegetable-sector-unites-because-thiscountrywefeedall\/\" tabindex=\"-1\" ><div class=\"elementor-post__thumbnail\"><img decoding=\"async\" width=\"300\" height=\"267\" src=\"https:\/\/perichan.com\/wp-content\/uploads\/2024\/04\/f-21-300x267.jpg\" class=\"attachment-medium size-medium wp-image-3592\" alt=\"\" srcset=\"https:\/\/perichan.com\/wp-content\/uploads\/2024\/04\/f-21-300x267.jpg 300w, https:\/\/perichan.com\/wp-content\/uploads\/2024\/04\/f-21-768x683.jpg 768w, https:\/\/perichan.com\/wp-content\/uploads\/2024\/04\/f-21.jpg 960w\" sizes=\"(max-width: 300px) 100vw, 300px\" \/><\/div><\/a>\n\t\t\t\t<div class=\"elementor-post__text\">\n\t\t\t\t<h4 class=\"elementor-post__title\">\n\t\t\t<a href=\"https:\/\/perichan.com\/en\/the-fruit-and-vegetable-sector-unites-because-thiscountrywefeedall\/\" >\n\t\t\t\tPerich\u00e1n\u00b4s new website\t\t\t<\/a>\n\t\t<\/h4>\n\t\t\t\t<div class=\"elementor-post__excerpt\">\n\t\t\t<p>&#8220;Perich\u00e1n takes a step into the future with its new, more modern and functional website. The leading agricultural company has decided to revamp its online presence to offer its customers an even more satisfying and up-to-date experience. With an innovative design and improved navigation, Perich\u00e1n&#8217;s new website reflects the company&#8217;s<\/p>\n\t\t<\/div>\n\t\t\n\t\t<a class=\"elementor-post__read-more\" href=\"https:\/\/perichan.com\/en\/the-fruit-and-vegetable-sector-unites-because-thiscountrywefeedall\/\" aria-label=\"Read more about Perich\u00e1n\u00b4s new website\" tabindex=\"-1\" >\n\t\t\tRead more \u00bb\t\t<\/a>\n\n\t\t\t\t<\/div>\n\t\t\t\t\t<\/div>\n\t\t<\/article>\n\t\t\t\t<\/div>\n\t\t\n\t\t\t\t<\/div>\n\t\t\t\t<\/div>\n\t\t\t\t\t<\/div>\n\t\t<\/div>\n\t\t\t\t\t<\/div>\n\t\t<\/section>\n\t\t\t\t<\/div>\n\t\t","protected":false},"excerpt":{"rendered":"<p>Press room Latest news In this section you can find out a little bit more about Perich\u00e1n. Thank you for your interest!<\/p>\n","protected":false},"author":1,"featured_media":0,"parent":0,"menu_order":0,"comment_status":"closed","ping_status":"closed","template":"","meta":{"_uag_custom_page_level_css":"","site-sidebar-layout":"no-sidebar","site-content-layout":"page-builder","ast-site-content-layout":"full-width-container","site-content-style":"unboxed","site-sidebar-style":"default","ast-global-header-display":"","ast-banner-title-visibility":"","ast-main-header-display":"","ast-hfb-above-header-display":"","ast-hfb-below-header-display":"","ast-hfb-mobile-header-display":"","site-post-title":"disabled","ast-breadcrumbs-content":"","ast-featured-img":"disabled","footer-sml-layout":"","theme-transparent-header-meta":"","adv-header-id-meta":"","stick-header-meta":"","header-above-stick-meta":"","header-main-stick-meta":"","header-below-stick-meta":"","astra-migrate-meta-layouts":"set","ast-page-background-enabled":"default","ast-page-background-meta":{"desktop":{"background-color":"","background-image":"","background-repeat":"repeat","background-position":"center center","background-size":"auto","background-attachment":"scroll","background-type":"","background-media":"","overlay-type":"","overlay-color":"","overlay-opacity":"","overlay-gradient":""},"tablet":{"background-color":"","background-image":"","background-repeat":"repeat","background-position":"center center","background-size":"auto","background-attachment":"scroll","background-type":"","background-media":"","overlay-type":"","overlay-color":"","overlay-opacity":"","overlay-gradient":""},"mobile":{"background-color":"","background-image":"","background-repeat":"repeat","background-position":"center center","background-size":"auto","background-attachment":"scroll","background-type":"","background-media":"","overlay-type":"","overlay-color":"","overlay-opacity":"","overlay-gradient":""}},"ast-content-background-meta":{"desktop":{"background-color":"var(--ast-global-color-5)","background-image":"","background-repeat":"repeat","background-position":"center center","background-size":"auto","background-attachment":"scroll","background-type":"","background-media":"","overlay-type":"","overlay-color":"","overlay-opacity":"","overlay-gradient":""},"tablet":{"background-color":"var(--ast-global-color-5)","background-image":"","background-repeat":"repeat","background-position":"center center","background-size":"auto","background-attachment":"scroll","background-type":"","background-media":"","overlay-type":"","overlay-color":"","overlay-opacity":"","overlay-gradient":""},"mobile":{"background-color":"var(--ast-global-color-5)","background-image":"","background-repeat":"repeat","background-position":"center center","background-size":"auto","background-attachment":"scroll","background-type":"","background-media":"","overlay-type":"","overlay-color":"","overlay-opacity":"","overlay-gradient":""}},"footnotes":""},"class_list":["post-3729","page","type-page","status-publish","hentry"],"yoast_head":"<!-- This site is optimized with the Yoast SEO plugin v23.0 - https:\/\/yoast.com\/wordpress\/plugins\/seo\/ -->\n<title>Press room with news and updates - Perich\u00e1n. Grupo Agr\u00edcola<\/title>\n<meta name=\"description\" content=\"News and current events from the world of agriculture and Perichan, about crops, products, news, research and much more.\" \/>\n<meta name=\"robots\" content=\"index, follow, max-snippet:-1, max-image-preview:large, max-video-preview:-1\" \/>\n<link rel=\"canonical\" href=\"https:\/\/perichan.com\/sala-de-prensa\/\" \/>\n<meta property=\"og:locale\" content=\"en_US\" \/>\n<meta property=\"og:type\" content=\"article\" \/>\n<meta property=\"og:title\" content=\"Press room with news and updates - Perich\u00e1n. Grupo Agr\u00edcola\" \/>\n<meta property=\"og:description\" content=\"News and current events from the world of agriculture and Perichan, about crops, products, news, research and much more.\" \/>\n<meta property=\"og:url\" content=\"https:\/\/perichan.com\/sala-de-prensa\/\" \/>\n<meta property=\"og:site_name\" content=\"Perich\u00e1n. Grupo Agr\u00edcola\" \/>\n<meta property=\"article:modified_time\" content=\"2024-06-18T08:08:17+00:00\" \/>\n<meta property=\"og:image\" content=\"https:\/\/perichan.com\/wp-content\/uploads\/2024\/05\/perichan.jpg\" \/>\n\t<meta property=\"og:image:width\" content=\"1806\" \/>\n\t<meta property=\"og:image:height\" content=\"1807\" \/>\n\t<meta property=\"og:image:type\" content=\"image\/jpeg\" \/>\n<meta name=\"twitter:card\" content=\"summary_large_image\" \/>\n<script type=\"application\/ld+json\" class=\"yoast-schema-graph\">{\"@context\":\"https:\/\/schema.org\",\"@graph\":[{\"@type\":\"WebPage\",\"@id\":\"https:\/\/perichan.com\/sala-de-prensa\/\",\"url\":\"https:\/\/perichan.com\/sala-de-prensa\/\",\"name\":\"Press room with news and updates - Perich\u00e1n. Grupo Agr\u00edcola\",\"isPartOf\":{\"@id\":\"https:\/\/perichan.com\/#website\"},\"datePublished\":\"2024-04-10T07:30:10+00:00\",\"dateModified\":\"2024-06-18T08:08:17+00:00\",\"description\":\"News and current events from the world of agriculture and Perichan, about crops, products, news, research and much more.\",\"breadcrumb\":{\"@id\":\"https:\/\/perichan.com\/sala-de-prensa\/#breadcrumb\"},\"inLanguage\":\"en-US\",\"potentialAction\":[{\"@type\":\"ReadAction\",\"target\":[\"https:\/\/perichan.com\/sala-de-prensa\/\"]}]},{\"@type\":\"BreadcrumbList\",\"@id\":\"https:\/\/perichan.com\/sala-de-prensa\/#breadcrumb\",\"itemListElement\":[{\"@type\":\"ListItem\",\"position\":1,\"name\":\"Portada\",\"item\":\"https:\/\/perichan.com\/\"},{\"@type\":\"ListItem\",\"position\":2,\"name\":\"Press room\"}]},{\"@type\":\"WebSite\",\"@id\":\"https:\/\/perichan.com\/#website\",\"url\":\"https:\/\/perichan.com\/\",\"name\":\"Perich\u00e1n. Grupo Agr\u00edcola\",\"description\":\"\",\"publisher\":{\"@id\":\"https:\/\/perichan.com\/#organization\"},\"potentialAction\":[{\"@type\":\"SearchAction\",\"target\":{\"@type\":\"EntryPoint\",\"urlTemplate\":\"https:\/\/perichan.com\/?s={search_term_string}\"},\"query-input\":\"required name=search_term_string\"}],\"inLanguage\":\"en-US\"},{\"@type\":\"Organization\",\"@id\":\"https:\/\/perichan.com\/#organization\",\"name\":\"Perichan. Grupo Agr\u00edcola\",\"url\":\"https:\/\/perichan.com\/\",\"logo\":{\"@type\":\"ImageObject\",\"inLanguage\":\"en-US\",\"@id\":\"https:\/\/perichan.com\/#\/schema\/logo\/image\/\",\"url\":\"https:\/\/perichan.com\/wp-content\/uploads\/2023\/11\/Logo.png\",\"contentUrl\":\"https:\/\/perichan.com\/wp-content\/uploads\/2023\/11\/Logo.png\",\"width\":2500,\"height\":833,\"caption\":\"Perichan. Grupo Agr\u00edcola\"},\"image\":{\"@id\":\"https:\/\/perichan.com\/#\/schema\/logo\/image\/\"},\"sameAs\":[\"https:\/\/www.linkedin.com\/company\/perichan\"]}]}<\/script>\n<!-- \/ Yoast SEO plugin. -->","yoast_head_json":{"title":"Press room with news and updates - Perich\u00e1n. Grupo Agr\u00edcola","description":"News and current events from the world of agriculture and Perichan, about crops, products, news, research and much more.","robots":{"index":"index","follow":"follow","max-snippet":"max-snippet:-1","max-image-preview":"max-image-preview:large","max-video-preview":"max-video-preview:-1"},"canonical":"https:\/\/perichan.com\/sala-de-prensa\/","og_locale":"en_US","og_type":"article","og_title":"Press room with news and updates - Perich\u00e1n. Grupo Agr\u00edcola","og_description":"News and current events from the world of agriculture and Perichan, about crops, products, news, research and much more.","og_url":"https:\/\/perichan.com\/sala-de-prensa\/","og_site_name":"Perich\u00e1n. Grupo Agr\u00edcola","article_modified_time":"2024-06-18T08:08:17+00:00","og_image":[{"width":1806,"height":1807,"url":"https:\/\/perichan.com\/wp-content\/uploads\/2024\/05\/perichan.jpg","type":"image\/jpeg"}],"twitter_card":"summary_large_image","schema":{"@context":"https:\/\/schema.org","@graph":[{"@type":"WebPage","@id":"https:\/\/perichan.com\/sala-de-prensa\/","url":"https:\/\/perichan.com\/sala-de-prensa\/","name":"Press room with news and updates - Perich\u00e1n. Grupo Agr\u00edcola","isPartOf":{"@id":"https:\/\/perichan.com\/#website"},"datePublished":"2024-04-10T07:30:10+00:00","dateModified":"2024-06-18T08:08:17+00:00","description":"News and current events from the world of agriculture and Perichan, about crops, products, news, research and much more.","breadcrumb":{"@id":"https:\/\/perichan.com\/sala-de-prensa\/#breadcrumb"},"inLanguage":"en-US","potentialAction":[{"@type":"ReadAction","target":["https:\/\/perichan.com\/sala-de-prensa\/"]}]},{"@type":"BreadcrumbList","@id":"https:\/\/perichan.com\/sala-de-prensa\/#breadcrumb","itemListElement":[{"@type":"ListItem","position":1,"name":"Portada","item":"https:\/\/perichan.com\/"},{"@type":"ListItem","position":2,"name":"Press room"}]},{"@type":"WebSite","@id":"https:\/\/perichan.com\/#website","url":"https:\/\/perichan.com\/","name":"Perich\u00e1n. Grupo Agr\u00edcola","description":"","publisher":{"@id":"https:\/\/perichan.com\/#organization"},"potentialAction":[{"@type":"SearchAction","target":{"@type":"EntryPoint","urlTemplate":"https:\/\/perichan.com\/?s={search_term_string}"},"query-input":"required name=search_term_string"}],"inLanguage":"en-US"},{"@type":"Organization","@id":"https:\/\/perichan.com\/#organization","name":"Perichan. Grupo Agr\u00edcola","url":"https:\/\/perichan.com\/","logo":{"@type":"ImageObject","inLanguage":"en-US","@id":"https:\/\/perichan.com\/#\/schema\/logo\/image\/","url":"https:\/\/perichan.com\/wp-content\/uploads\/2023\/11\/Logo.png","contentUrl":"https:\/\/perichan.com\/wp-content\/uploads\/2023\/11\/Logo.png","width":2500,"height":833,"caption":"Perichan. Grupo Agr\u00edcola"},"image":{"@id":"https:\/\/perichan.com\/#\/schema\/logo\/image\/"},"sameAs":["https:\/\/www.linkedin.com\/company\/perichan"]}]}},"uagb_featured_image_src":{"full":false,"thumbnail":false,"medium":false,"medium_large":false,"large":false,"1536x1536":false,"2048x2048":false},"uagb_author_info":{"display_name":"ptmk","author_link":"https:\/\/perichan.com\/en\/author\/ptmk\/"},"uagb_comment_info":0,"uagb_excerpt":"Press room Latest news In this section you can find out a little bit more about Perich\u00e1n. Thank you for your interest!","_links":{"self":[{"href":"https:\/\/perichan.com\/en\/wp-json\/wp\/v2\/pages\/3729"}],"collection":[{"href":"https:\/\/perichan.com\/en\/wp-json\/wp\/v2\/pages"}],"about":[{"href":"https:\/\/perichan.com\/en\/wp-json\/wp\/v2\/types\/page"}],"author":[{"embeddable":true,"href":"https:\/\/perichan.com\/en\/wp-json\/wp\/v2\/users\/1"}],"replies":[{"embeddable":true,"href":"https:\/\/perichan.com\/en\/wp-json\/wp\/v2\/comments?post=3729"}],"version-history":[{"count":9,"href":"https:\/\/perichan.com\/en\/wp-json\/wp\/v2\/pages\/3729\/revisions"}],"predecessor-version":[{"id":5176,"href":"https:\/\/perichan.com\/en\/wp-json\/wp\/v2\/pages\/3729\/revisions\/5176"}],"wp:attachment":[{"href":"https:\/\/perichan.com\/en\/wp-json\/wp\/v2\/media?parent=3729"}],"curies":[{"name":"wp","href":"https:\/\/api.w.org\/{rel}","templated":true}]}}